{"id":29074,"date":"2023-10-20T17:01:28","date_gmt":"2023-10-20T15:01:28","guid":{"rendered":"https:\/\/saralussi.com\/?page_id=29074"},"modified":"2025-03-07T10:11:14","modified_gmt":"2025-03-07T09:11:14","slug":"general-terms-conditions","status":"publish","type":"page","link":"https:\/\/saralussi.com\/de\/general-terms-conditions\/","title":{"rendered":"General Terms &#038; Conditions"},"content":{"rendered":"<p>[et_pb_section fb_built=&#8221;1&#8243; _builder_version=&#8221;4.16&#8243; global_colors_info=&#8221;{}&#8221;][et_pb_row _builder_version=&#8221;4.22.2&#8243; background_size=&#8221;initial&#8221; background_position=&#8221;top_left&#8221; background_repeat=&#8221;repeat&#8221; width=&#8221;50%&#8221; max_width=&#8221;100%&#8221; global_colors_info=&#8221;{}&#8221;][et_pb_column type=&#8221;4_4&#8243; _builder_version=&#8221;4.16&#8243; custom_padding=&#8221;|||&#8221; global_colors_info=&#8221;{}&#8221; custom_padding__hover=&#8221;|||&#8221;][et_pb_text _builder_version=&#8221;4.27.4&#8243; _module_preset=&#8221;default&#8221; header_2_text_color=&#8221;#707070&#8243; width=&#8221;100%&#8221; hover_enabled=&#8221;0&#8243; global_colors_info=&#8221;{}&#8221; sticky_enabled=&#8221;0&#8243;]<\/p>\n<h2><strong>Allgemeine Gesch\u00e4ftsbedingungen (AGB) der Sara Lussi AG<\/strong><\/h2>\n<ol><\/p>\n<li><b>Geltungsbereich<\/b>Diese Allgemeinen Gesch\u00e4ftsbedingungen gelten f\u00fcr alle Behandlungen und Dienstleistungen, die von der Sara Lussi AG (nachfolgend \"Praxis\" genannt) angeboten werden. Die osteopathischen Behandlungen vor Ort und die ganzheitlichen Fernbehandlungen sind klar voneinander getrennt und werden als separate Dienstleistungen erbracht.<\/li>\n<li><b>Leistungen<\/b>Die Praxis bietet zwei verschiedene Arten von Behandlungen an:<\/li>\n<ul>\n<li><b>* Osteopathische Behandlungen vor Ort: Diese erfolgen in den R\u00e4umlichkeiten der Praxis.<\/b>Ganzheitliche Fernbehandlungen:<\/li>\n<li><b>Ganzheitliche Fernbehandlungen:<\/b>Diese werden ausschlie\u00dflich aus der Ferne durchgef\u00fchrt. Die Sara Lussi AG erstellt keine medizinischen Diagnosen und gibt kein Heilversprechen ab. Jede Behandlung geschieht im Rahmen der M\u00f6glichkeiten zum jeweiligen Zeitpunkt.<\/li>\n<\/ul>\n<li><b>Terminvereinbarungen und Zustandekommen eines Vertrages<\/b>Die Buchung eines Behandlungstermins stellt einen verbindlichen Vertragsschluss dar. Termine f\u00fcr ganzheitliche Fernbehandlungen sowie osteopathische Behandlungen vor Ort im Wallis k\u00f6nnen online \u00fcber die Website der Praxis gebucht werden. Termine f\u00fcr Behandlungen in Dallenwil k\u00f6nnen nicht online gebucht werden und m\u00fcssen individuell vereinbart werden.<\/li>\n<li><b>Zahlungsbedingungen<\/b>Die Preise f\u00fcr osteopathische Behandlungen vor Ort und f\u00fcr ganzheitliche Fernbehandlungen sind auf der Website oder auf Anfrage einsehbar. Nach der Behandlung wird dem Klienten eine Rechnung per E-Mail zugestellt.<\/li>\n<li><b>Stornierung und R\u00fccktritt<\/b> Behandlungstermine k\u00f6nnen bis zu 24 Stunden vor dem vereinbarten Termin kostenlos storniert oder verschoben werden. Bei sp\u00e4teren Stornierungen oder Nichterscheinen beh\u00e4lt sich die Praxis das Recht vor, die volle Geb\u00fchr in Rechnung zu stellen.<\/li>\n<li><b>Datenschutz<\/b>Die Praxis verpflichtet sich, alle pers\u00f6nlichen Daten und Gesundheitsinformationen vertraulich zu behandeln und ausschlie\u00dflich f\u00fcr die Durchf\u00fchrung der jeweiligen Behandlung zu verwenden. Weitere Informationen dazu sind in der Datenschutzerkl\u00e4rung einsehbar, die dem Klienten bei der Buchung eines Online-Termins zugestellt wird.<\/li>\n<li><b>Haftung<\/b>Die Praxis haftet nicht f\u00fcr Sch\u00e4den oder Verletzungen, die durch die Inanspruchnahme der Behandlungen vor Ort oder der ganzheitlichen Fernbehandlungen entstehen, es sei denn, diese beruhen auf grober Fahrl\u00e4ssigkeit oder Vorsatz seitens der Praxis.<\/li>\n<li><b>Einverst\u00e4ndnis des Klienten<\/b>Mit der Inanspruchnahme einer osteopathischen Behandlung vor Ort oder einer ganzheitlichen Fernbehandlung erkl\u00e4rt sich der Klient mit diesen AGB einverstanden.<\/li>\n<li><b>\u00c4nderungen der AGB<\/b>Die Praxis beh\u00e4lt sich das Recht vor, diese AGB jederzeit anzupassen. Die jeweils g\u00fcltige Version ist auf der Website der Praxis einsehbar und tritt mit der Ver\u00f6ffentlichung in Kraft.<\/li>\n<li><b>Schlussbestimmungen<\/b>Diese AGB unterliegen schweizerischem Recht. Gerichtsstand ist Stans, Nidwalden. Sollte eine Bestimmung dieser AGB unwirksam sein, bleibt die G\u00fcltigkeit der \u00fcbrigen Bestimmungen unber\u00fchrt.<\/li>\n<\/ol>\n<p>[\/et_pb_text][\/et_pb_column][\/et_pb_row][\/et_pb_section]<\/p>","protected":false},"excerpt":{"rendered":"<p>General Terms and Conditions (GTC) of Sara Lussi AG Scope of application: These General Terms and Conditions apply to all treatments and services offered by Sara Lussi AG (hereinafter referred to as \u2018Practice\u2019). The on-site osteopathic treatments and holistic remote treatments are clearly separated and provided as separate services. Services: The Practice offers two different [&hellip;]<\/p>","protected":false},"author":1,"featured_media":0,"parent":0,"menu_order":0,"comment_status":"closed","ping_status":"closed","template":"","meta":{"_et_pb_use_builder":"on","_et_pb_old_content":"","_et_gb_content_width":"","footnotes":""},"class_list":["post-29074","page","type-page","status-publish","hentry"],"yoast_head":"<!-- This site is optimized with the Yoast SEO plugin v21.5 - https:\/\/yoast.com\/wordpress\/plugins\/seo\/ -->\n<title>General Terms &amp; Conditions | Sara Lussi<\/title>\n<meta name=\"robots\" content=\"index, follow, max-snippet:-1, max-image-preview:large, max-video-preview:-1\" \/>\n<link rel=\"canonical\" href=\"https:\/\/saralussi.com\/de\/general-terms-conditions\/\" \/>\n<meta property=\"og:locale\" content=\"de_DE\" \/>\n<meta property=\"og:type\" content=\"article\" \/>\n<meta property=\"og:title\" content=\"General Terms &amp; Conditions | Sara Lussi\" \/>\n<meta property=\"og:description\" content=\"General Terms and Conditions (GTC) of Sara Lussi AG Scope of application: These General Terms and Conditions apply to all treatments and services offered by Sara Lussi AG (hereinafter referred to as \u2018Practice\u2019). The on-site osteopathic treatments and holistic remote treatments are clearly separated and provided as separate services. Services: The Practice offers two different [&hellip;]\" \/>\n<meta property=\"og:url\" content=\"https:\/\/saralussi.com\/de\/general-terms-conditions\/\" \/>\n<meta property=\"og:site_name\" content=\"Sara Lussi\" \/>\n<meta property=\"article:modified_time\" content=\"2025-03-07T09:11:14+00:00\" \/>\n<meta property=\"og:image\" content=\"https:\/\/saralussi.com\/wp-content\/uploads\/2023\/11\/sara_lussi_vision_image.jpg\" \/>\n\t<meta property=\"og:image:width\" content=\"1700\" \/>\n\t<meta property=\"og:image:height\" content=\"1080\" \/>\n\t<meta property=\"og:image:type\" content=\"image\/jpeg\" \/>\n<meta name=\"twitter:card\" content=\"summary_large_image\" \/>\n<meta name=\"twitter:label1\" content=\"Gesch\u00e4tzte Lesezeit\" \/>\n\t<meta name=\"twitter:data1\" content=\"2\u00a0Minuten\" \/>\n<script type=\"application\/ld+json\" class=\"yoast-schema-graph\">{\"@context\":\"https:\/\/schema.org\",\"@graph\":[{\"@type\":\"WebPage\",\"@id\":\"https:\/\/saralussi.com\/en\/general-terms-conditions\/\",\"url\":\"https:\/\/saralussi.com\/en\/general-terms-conditions\/\",\"name\":\"General Terms & Conditions | Sara Lussi\",\"isPartOf\":{\"@id\":\"https:\/\/saralussi.com\/#website\"},\"datePublished\":\"2023-10-20T15:01:28+00:00\",\"dateModified\":\"2025-03-07T09:11:14+00:00\",\"breadcrumb\":{\"@id\":\"https:\/\/saralussi.com\/en\/general-terms-conditions\/#breadcrumb\"},\"inLanguage\":\"de-CH\",\"potentialAction\":[{\"@type\":\"ReadAction\",\"target\":[\"https:\/\/saralussi.com\/en\/general-terms-conditions\/\"]}]},{\"@type\":\"BreadcrumbList\",\"@id\":\"https:\/\/saralussi.com\/en\/general-terms-conditions\/#breadcrumb\",\"itemListElement\":[{\"@type\":\"ListItem\",\"position\":1,\"name\":\"Home\",\"item\":\"https:\/\/saralussi.com\/\"},{\"@type\":\"ListItem\",\"position\":2,\"name\":\"General Terms &#038; Conditions\"}]},{\"@type\":\"WebSite\",\"@id\":\"https:\/\/saralussi.com\/#website\",\"url\":\"https:\/\/saralussi.com\/\",\"name\":\"Sara Lussi Osteopathy\",\"description\":\"Born for your Wellbeing\",\"publisher\":{\"@id\":\"https:\/\/saralussi.com\/#organization\"},\"potentialAction\":[{\"@type\":\"SearchAction\",\"target\":{\"@type\":\"EntryPoint\",\"urlTemplate\":\"https:\/\/saralussi.com\/?s={search_term_string}\"},\"query-input\":\"required name=search_term_string\"}],\"inLanguage\":\"de-CH\"},{\"@type\":\"Organization\",\"@id\":\"https:\/\/saralussi.com\/#organization\",\"name\":\"Sara Lussi Osteopathy\",\"url\":\"https:\/\/saralussi.com\/\",\"logo\":{\"@type\":\"ImageObject\",\"inLanguage\":\"de-CH\",\"@id\":\"https:\/\/saralussi.com\/#\/schema\/logo\/image\/\",\"url\":\"https:\/\/saralussi.com\/wp-content\/uploads\/2023\/11\/sara_lussi_logo_sml.png\",\"contentUrl\":\"https:\/\/saralussi.com\/wp-content\/uploads\/2023\/11\/sara_lussi_logo_sml.png\",\"width\":500,\"height\":188,\"caption\":\"Sara Lussi Osteopathy\"},\"image\":{\"@id\":\"https:\/\/saralussi.com\/#\/schema\/logo\/image\/\"}}]}<\/script>\n<!-- \/ Yoast SEO plugin. -->","yoast_head_json":{"title":"General Terms & Conditions | Sara Lussi","robots":{"index":"index","follow":"follow","max-snippet":"max-snippet:-1","max-image-preview":"max-image-preview:large","max-video-preview":"max-video-preview:-1"},"canonical":"https:\/\/saralussi.com\/de\/general-terms-conditions\/","og_locale":"de_DE","og_type":"article","og_title":"General Terms & Conditions | Sara Lussi","og_description":"General Terms and Conditions (GTC) of Sara Lussi AG Scope of application: These General Terms and Conditions apply to all treatments and services offered by Sara Lussi AG (hereinafter referred to as \u2018Practice\u2019). The on-site osteopathic treatments and holistic remote treatments are clearly separated and provided as separate services. Services: The Practice offers two different [&hellip;]","og_url":"https:\/\/saralussi.com\/de\/general-terms-conditions\/","og_site_name":"Sara Lussi","article_modified_time":"2025-03-07T09:11:14+00:00","og_image":[{"width":1700,"height":1080,"url":"https:\/\/saralussi.com\/wp-content\/uploads\/2023\/11\/sara_lussi_vision_image.jpg","type":"image\/jpeg"}],"twitter_card":"summary_large_image","twitter_misc":{"Gesch\u00e4tzte Lesezeit":"2\u00a0Minuten"},"schema":{"@context":"https:\/\/schema.org","@graph":[{"@type":"WebPage","@id":"https:\/\/saralussi.com\/en\/general-terms-conditions\/","url":"https:\/\/saralussi.com\/en\/general-terms-conditions\/","name":"General Terms & Conditions | Sara Lussi","isPartOf":{"@id":"https:\/\/saralussi.com\/#website"},"datePublished":"2023-10-20T15:01:28+00:00","dateModified":"2025-03-07T09:11:14+00:00","breadcrumb":{"@id":"https:\/\/saralussi.com\/en\/general-terms-conditions\/#breadcrumb"},"inLanguage":"de-CH","potentialAction":[{"@type":"ReadAction","target":["https:\/\/saralussi.com\/en\/general-terms-conditions\/"]}]},{"@type":"BreadcrumbList","@id":"https:\/\/saralussi.com\/en\/general-terms-conditions\/#breadcrumb","itemListElement":[{"@type":"ListItem","position":1,"name":"Home","item":"https:\/\/saralussi.com\/"},{"@type":"ListItem","position":2,"name":"General Terms &#038; Conditions"}]},{"@type":"WebSite","@id":"https:\/\/saralussi.com\/#website","url":"https:\/\/saralussi.com\/","name":"Sara Lussi Osteopathy","description":"Born for your Wellbeing","publisher":{"@id":"https:\/\/saralussi.com\/#organization"},"potentialAction":[{"@type":"SearchAction","target":{"@type":"EntryPoint","urlTemplate":"https:\/\/saralussi.com\/?s={search_term_string}"},"query-input":"required name=search_term_string"}],"inLanguage":"de-CH"},{"@type":"Organization","@id":"https:\/\/saralussi.com\/#organization","name":"Sara Lussi Osteopathy","url":"https:\/\/saralussi.com\/","logo":{"@type":"ImageObject","inLanguage":"de-CH","@id":"https:\/\/saralussi.com\/#\/schema\/logo\/image\/","url":"https:\/\/saralussi.com\/wp-content\/uploads\/2023\/11\/sara_lussi_logo_sml.png","contentUrl":"https:\/\/saralussi.com\/wp-content\/uploads\/2023\/11\/sara_lussi_logo_sml.png","width":500,"height":188,"caption":"Sara Lussi Osteopathy"},"image":{"@id":"https:\/\/saralussi.com\/#\/schema\/logo\/image\/"}}]}},"_links":{"self":[{"href":"https:\/\/saralussi.com\/de\/wp-json\/wp\/v2\/pages\/29074","targetHints":{"allow":["GET"]}}],"collection":[{"href":"https:\/\/saralussi.com\/de\/wp-json\/wp\/v2\/pages"}],"about":[{"href":"https:\/\/saralussi.com\/de\/wp-json\/wp\/v2\/types\/page"}],"author":[{"embeddable":true,"href":"https:\/\/saralussi.com\/de\/wp-json\/wp\/v2\/users\/1"}],"replies":[{"embeddable":true,"href":"https:\/\/saralussi.com\/de\/wp-json\/wp\/v2\/comments?post=29074"}],"version-history":[{"count":6,"href":"https:\/\/saralussi.com\/de\/wp-json\/wp\/v2\/pages\/29074\/revisions"}],"predecessor-version":[{"id":30776,"href":"https:\/\/saralussi.com\/de\/wp-json\/wp\/v2\/pages\/29074\/revisions\/30776"}],"wp:attachment":[{"href":"https:\/\/saralussi.com\/de\/wp-json\/wp\/v2\/media?parent=29074"}],"curies":[{"name":"wp","href":"https:\/\/api.w.org\/{rel}","templated":true}]}}